{"id":349,"date":"2014-02-02T17:29:19","date_gmt":"2014-02-02T17:29:19","guid":{"rendered":"https:\/\/heubeck-architecture.de\/?page_id=349"},"modified":"2023-02-28T21:17:59","modified_gmt":"2023-02-28T19:17:59","slug":"startseite-komplett","status":"publish","type":"page","link":"https:\/\/heubeck-architecture.de\/","title":{"rendered":"Startseite"},"content":{"rendered":"\n<!-- NOTE: If you need to make changes to this file, copy it to your current theme's main\n\tdirectory so your changes won't be overwritten when the plugin is upgraded. -->\n\n<!-- Post Wrap Start-->\n<div class=\"post hentry ivycat-post\">\n\t\n\t<!-- \tThis outputs the post EXCERPT.  To display full content including images and html, \n\t\treplace the_excerpt(); with the_content();  below. -->\n\t<div class=\"entry-summary\">\n\t\t<h3 style=\"text-align: center;\">HERZLICH WILLKOMMEN BEI HEUBECK ARCHITECTURE<\/h3>\r\n<p style=\"text-align: center;\"><span style=\"font-family: light; font-size: 14pt;\">FREIER ARCHITEKT \/ SACHVERST\u00c4NDIGER F\u00dcR SCH\u00c4DEN AN GEB\u00c4UDEN<\/span><\/p>\t<\/div>\n\n<\/div>\n<!-- \/\/ Post Wrap End -->\n\r\n\r\n\n<!-- NOTE: If you need to make changes to this file, copy it to your current theme's main\n\tdirectory so your changes won't be overwritten when the plugin is upgraded. -->\n\n<!-- Post Wrap Start-->\n<div class=\"post hentry ivycat-post\">\n\t\n\t<!-- \tThis outputs the post EXCERPT.  To display full content including images and html, \n\t\treplace the_excerpt(); with the_content();  below. -->\n\t<div class=\"entry-summary\">\n\t\t<div id=\"mainwrapper\">\r\n<div id=\"box-1\" class=\"box\"><a href=\"?page_id=417\"><img loading=\"lazy\" class=\"alignleft size-thumbnail wp-image-1371\" src=\"\/wp-content\/uploads\/2018\/10\/IMG_1954-Icon-Front-2-Kopie-2-150x150.jpg\" alt=\"01\" width=\"100%\" height=\"100%\" srcset=\"https:\/\/heubeck-architecture.de\/wp-content\/uploads\/2018\/10\/IMG_1954-Icon-Front-2-Kopie-2-150x150.jpg 150w, https:\/\/heubeck-architecture.de\/wp-content\/uploads\/2018\/10\/IMG_1954-Icon-Front-2-Kopie-2-300x300.jpg 300w, https:\/\/heubeck-architecture.de\/wp-content\/uploads\/2018\/10\/IMG_1954-Icon-Front-2-Kopie-2-768x768.jpg 768w, https:\/\/heubeck-architecture.de\/wp-content\/uploads\/2018\/10\/IMG_1954-Icon-Front-2-Kopie-2-1024x1024.jpg 1024w, https:\/\/heubeck-architecture.de\/wp-content\/uploads\/2018\/10\/IMG_1954-Icon-Front-2-Kopie-2-600x600.jpg 600w, https:\/\/heubeck-architecture.de\/wp-content\/uploads\/2018\/10\/IMG_1954-Icon-Front-2-Kopie-2-940x940.jpg 940w\" sizes=\"(max-width: 150px) 100vw, 150px\" \/>\r\n<span class=\"caption simple-caption\"><p>GEB\u00c4UDEPLANUNG<\/p><\/span>\r\n<\/a>\r\n<\/div>\r\n\r\n<div id=\"box-1\" class=\"box\"><a href=\"?page_id=696\"><img loading=\"lazy\" class=\"alignleft size-thumbnail wp-image-66\" src=\"\/wp-content\/uploads\/2014\/03\/thumbnails\/SA01.jpg\" alt=\"02\" width=\"100%\" height=\"100%\" \/>\r\n<span class=\"caption simple-caption\"><p>SCH\u00c4DEN <br>AN GEB\u00c4UDEN<\/p><\/span>\r\n<\/a>\r\n<\/div>\r\n\r\n<div id=\"box-1\" class=\"box\"><a href=\"?page_id=826\"><img loading=\"lazy\" class=\"alignleft size-thumbnail wp-image-68\" src=\"\/wp-content\/uploads\/2014\/03\/thumbnails\/EB01.jpg\" alt=\"03\" width=\"100%\" height=\"100%\" \/>\r\n<span class=\"caption simple-caption\"><p>ENERGETISCHE GEB\u00c4UDESANIERUNG<\/p><\/span>\r\n<\/a>\r\n<\/div>\r\n\r\n<div id=\"box-1\" class=\"box\"><a href=\"?page_id=824\"><img loading=\"lazy\" class=\"alignleft size-thumbnail wp-image-70\" src=\"\/wp-content\/uploads\/2014\/03\/thumbnails\/DS01.jpg\" alt=\"04\" width=\"100%\" height=\"100%\" \/>\r\n<span class=\"caption simple-caption\"><p>DENKMALSCHUTZ<\/p><\/span>\r\n<\/a>\r\n<\/div>\r\n\r\n<\/div>\r\n&nbsp;\t<\/div>\n\n<\/div>\n<!-- \/\/ Post Wrap End -->\n\r\n\r\n<div class=\"post hentry ivycat-post\"><span class=\"pip-not-found\"><\/span><\/div>\r\n\r\n<hr \/>\r\n\r\n&nbsp;\r\n<h1 style=\"text-align: center;\">PROJEKT-BEISPIELE<\/h1>\r\n<div id=\"mainwrapper\">\r\n<div class=\"box\"><a href=\"\/?page_id=417\"><img loading=\"lazy\" class=\"alignnone size-full wp-image-916\" src=\"https:\/\/heubeck-architecture.de\/wp-content\/uploads\/2014\/02\/GP021.jpg\" alt=\"GP02\" width=\"220\" height=\"220\" srcset=\"https:\/\/heubeck-architecture.de\/wp-content\/uploads\/2014\/02\/GP021.jpg 220w, https:\/\/heubeck-architecture.de\/wp-content\/uploads\/2014\/02\/GP021-150x150.jpg 150w\" sizes=\"(max-width: 220px) 100vw, 220px\" \/><\/a><\/div>\r\n<div class=\"box\"><a href=\"\/?page_id=826\"><img loading=\"lazy\" class=\"alignnone wp-image-1486\" src=\"https:\/\/heubeck-architecture.de\/wp-content\/uploads\/2018\/10\/P1010187-1.jpg\" alt=\"P1010187-1\" width=\"220\" height=\"220\" srcset=\"https:\/\/heubeck-architecture.de\/wp-content\/uploads\/2018\/10\/P1010187-1.jpg 220w, https:\/\/heubeck-architecture.de\/wp-content\/uploads\/2018\/10\/P1010187-1-150x150.jpg 150w\" sizes=\"(max-width: 220px) 100vw, 220px\" \/><\/a><\/div>\r\n<div class=\"box\"><a href=\"\/?page_id=826#baeckerhandwerk\"><img loading=\"lazy\" class=\"alignnone wp-image-914\" src=\"https:\/\/heubeck-architecture.de\/wp-content\/uploads\/2014\/02\/EB02.jpg\" alt=\"EB02\" width=\"220\" height=\"220\" srcset=\"https:\/\/heubeck-architecture.de\/wp-content\/uploads\/2014\/02\/EB02.jpg 220w, https:\/\/heubeck-architecture.de\/wp-content\/uploads\/2014\/02\/EB02-150x150.jpg 150w\" sizes=\"(max-width: 220px) 100vw, 220px\" \/><\/a><\/div>\r\n<div class=\"box\"><a href=\"\/?page_id=824#denkmalgeschuetztes\"><img loading=\"lazy\" class=\"alignnone size-full wp-image-912\" style=\"margin-right: 15px;\" src=\"https:\/\/heubeck-architecture.de\/wp-content\/uploads\/2014\/02\/DS02.jpg\" alt=\"DS02\" width=\"220\" height=\"220\" srcset=\"https:\/\/heubeck-architecture.de\/wp-content\/uploads\/2014\/02\/DS02.jpg 220w, https:\/\/heubeck-architecture.de\/wp-content\/uploads\/2014\/02\/DS02-150x150.jpg 150w\" sizes=\"(max-width: 220px) 100vw, 220px\" \/><\/a><\/div>\r\n<div class=\"box\"><a href=\"\/?page_id=417#haus-s\"><img loading=\"lazy\" class=\"alignnone size-full wp-image-917\" src=\"https:\/\/heubeck-architecture.de\/wp-content\/uploads\/2014\/02\/GP03.jpg\" alt=\"GP03\" width=\"220\" height=\"220\" srcset=\"https:\/\/heubeck-architecture.de\/wp-content\/uploads\/2014\/02\/GP03.jpg 220w, https:\/\/heubeck-architecture.de\/wp-content\/uploads\/2014\/02\/GP03-150x150.jpg 150w\" sizes=\"(max-width: 220px) 100vw, 220px\" \/><\/a><\/div>\r\n<div class=\"box\"><a href=\"\/?page_id=729\"><img loading=\"lazy\" class=\"alignnone size-full wp-image-919\" src=\"https:\/\/heubeck-architecture.de\/wp-content\/uploads\/2014\/02\/SA031.jpg\" alt=\"SA03\" width=\"220\" height=\"220\" srcset=\"https:\/\/heubeck-architecture.de\/wp-content\/uploads\/2014\/02\/SA031.jpg 220w, https:\/\/heubeck-architecture.de\/wp-content\/uploads\/2014\/02\/SA031-150x150.jpg 150w\" sizes=\"(max-width: 220px) 100vw, 220px\" \/><\/a><\/div>\r\n<div class=\"box\"><a href=\"\/?page_id=772\"><img loading=\"lazy\" class=\"alignnone size-full wp-image-918\" src=\"https:\/\/heubeck-architecture.de\/wp-content\/uploads\/2014\/02\/SA021.jpg\" alt=\"SA02\" width=\"220\" height=\"220\" srcset=\"https:\/\/heubeck-architecture.de\/wp-content\/uploads\/2014\/02\/SA021.jpg 220w, https:\/\/heubeck-architecture.de\/wp-content\/uploads\/2014\/02\/SA021-150x150.jpg 150w\" sizes=\"(max-width: 220px) 100vw, 220px\" \/><\/a><\/div>\r\n<div class=\"box\"><a href=\"\/?page_id=826#dg-ausbau\"><img loading=\"lazy\" class=\"alignnone wp-image-915\" style=\"margin-right: 15px;\" src=\"https:\/\/heubeck-architecture.de\/wp-content\/uploads\/2014\/02\/EB03.jpg\" alt=\"EB03\" width=\"220\" height=\"220\" srcset=\"https:\/\/heubeck-architecture.de\/wp-content\/uploads\/2014\/02\/EB03.jpg 220w, https:\/\/heubeck-architecture.de\/wp-content\/uploads\/2014\/02\/EB03-150x150.jpg 150w\" sizes=\"(max-width: 220px) 100vw, 220px\" \/><\/a><\/div>\r\n<\/div>\r\n<div style=\"clear: both;\"><\/div>\r\n\r\n<hr \/>\r\n\r\n<div class=\"heubeck-textinfo\">\r\n<div><span style=\"font-weight: bold;\">HANS HEUBECK<\/span>\r\nDIPL. ING. DIP. ARCH. CANT.<\/div>\r\n<div>Freier Architekt<\/div>\r\n<div>Sachverst\u00e4ndiger<br>\r\nf\u00fcr Sch\u00e4den an Geb\u00e4uden<br>\r\nHTWG Konstanz\/IFBau<\/div>\r\n<div>Hohentwielstr. 34, 70199 Stuttgart<br>\r\nFon +49 (0) 711 . 640 25 78<br>\r\n<a href=\"mail:info@heubeck-architecture.de\">info@heubeck-architecture.de<\/a><\/div>\r\n<\/div>\r\n<div>\r\n\r\n<hr \/>\r\n\r\n<\/div>\r\n<h3 style=\"text-align: center;\">ARCHITEKTURB\u00dcRO<\/h3>\r\n\r\n<hr \/>\r\n\r\n<div class=\"heubeck-portraitinfo\"><a href=\"https:\/\/heubeck-architecture.de\/wp-content\/uploads\/2018\/10\/thumb_IMG_7970_1024.jpg\"><img loading=\"lazy\" class=\"alignnone size-medium wp-image-1398\" src=\"https:\/\/heubeck-architecture.de\/wp-content\/uploads\/2018\/10\/thumb_IMG_7970_1024-279x300.jpg\" alt=\"\" width=\"279\" height=\"300\" srcset=\"https:\/\/heubeck-architecture.de\/wp-content\/uploads\/2018\/10\/thumb_IMG_7970_1024-279x300.jpg 279w, https:\/\/heubeck-architecture.de\/wp-content\/uploads\/2018\/10\/thumb_IMG_7970_1024-600x644.jpg 600w, https:\/\/heubeck-architecture.de\/wp-content\/uploads\/2018\/10\/thumb_IMG_7970_1024.jpg 719w\" sizes=\"(max-width: 279px) 100vw, 279px\" \/><\/a>\r\n<div class=\"heubeck-rechterinfotext\">\r\n<div>HANS HEUBECK<br>\r\nDipl. Ing. Dip. Arch. Cant. Freier Architekt<br>\r\nSachverst\u00e4ndiger f\u00fcr Sch\u00e4den an Geb\u00e4uden HTGW Konstanz<\/div>\r\n<ul>\r\n \t<li style=\"list-style-type: none\">\r\n<ul>\r\n \t<li><span>1976 &#8211; 1984<\/span><span>Architekturstudium Universit\u00e4t Stuttgart- Diplom<\/span><\/li>\r\n \t<li><span>1979 &#8211; 1982<\/span><span>DAAD Stipendium Canterbury College of Art, School of Architecture-Diploma<\/li>\r\n \t<li><span>1982 &#8211; 1983<\/span><span>Mitarbeiter im Architekturb\u00fcro James Stirling &#8211; Stuttgart<\/li>\r\n \t<li><span>1984 &#8211; 1985<\/span><span>Mitarbeit im Architekturb\u00fcro Prof. Dr. H.J. Aminde &#8211; Stuttgart<\/li>\r\n \t<li><span>1986 &#8211; 1987<\/span><span>Mitarbeit im Architekturb\u00fcro Norman Foster &#8211; London<\/li>\r\n \t<li><span>1988<\/span><span>Mitarbeit im Architekturb\u00fcro Auer und Weber &#8211; Stuttgart<\/li>\r\n<\/ul>\r\n<\/li>\r\n<\/ul>\r\n&nbsp;\r\n<ul>\r\n \t<li><span>seit 1989<\/span><span>eigenes Architekturb\u00fcro<\/span><\/li>\r\n \t<li><span>2003 &#8211; 2006<\/span><span>Ausbildungsgang am IFBau zur Vorbereitung auf die Sachverst\u00e4ndigent\u00e4tigkeit<\/span><\/li>\r\n \t<li><span>2006<\/span><span>Erfolgreicher Pr\u00fcfungsabschlu\u00df mit Hochschulzertifikat<br>\r\nSachverst\u00e4ndiger f\u00fcr Sch\u00e4den an Geb\u00e4uden (HTWG Konstanz\/ IFBau)<\/span><\/li>\r\n \t<li><span>2008<\/span><span>Fortbildung zum Energieberater, Energetische Geb\u00e4udesanierung<\/span><\/li>\r\n \t<li><span>2013 &#8211; 2018<\/span><span>Eintragung als Energieeffizienz-Experte Deutsche Energie-AgenturGmbH (dena)<\/span><\/li>\r\n \t<li><span>2015<\/span><span>Zusatzqualifizierung Energieoptimiertes Denkmal<\/span><\/li>\r\n<\/ul>\r\n<\/div>\r\n<\/div>\r\n\r\n<hr style=\"line-height: 1.5em;\" \/>\r\n\r\n<h3 style=\"text-align: center;\">LEISTUNGSSPEKTRUM<\/h3>\r\n\r\n<hr style=\"line-height: 1.5em;\" \/>\r\n\r\n<div class=\"heubeck-leistungen\"><span class=\"ueberschrift\">GEB\u00c4UDEPLANUNG<\/span>\r\n<ul>\r\n \t<li>Sanierung und Umbau<\/li>\r\n \t<li>Instandsetzung und Denkmalpflege<\/li>\r\n \t<li>Projektsteuerung<\/li>\r\n \t<li>Ausschreibung, Vergabe, Abrechnung (AVA)<\/li>\r\n \t<li>Bau\u00fcberwachung<\/li>\r\n<\/ul>\r\n<span class=\"ueberschrift\">SACHVERST\u00c4NDIGENT\u00c4TIGKEIT<\/span>\r\n<ul>\r\n \t<li>Schadensgutachten<\/li>\r\n \t<li>Objektbegehung zur Schadenserkennung<\/li>\r\n \t<li>Bestandsaufnahmen<\/li>\r\n \t<li>M\u00e4ngel- und Schadensbewertungen<\/li>\r\n \t<li>Beweissicherung vor Beginn von Bauma\u00dfnahmen<\/li>\r\n \t<li>Baubegleitende Qualit\u00e4tskontrollen<\/li>\r\n \t<li>Planung und \u00dcberwachung von Instandsetzungsma\u00dfnahmen<\/li>\r\n \t<li>Kostenermittlung von Instandsetzungsma\u00dfnahmen<\/li>\r\n \t<li>Abnahme von Bauleistungen<\/li>\r\n \t<li>Thermografieuntersuchungen<\/li>\r\n \t<li>Geb\u00e4udeanalyse \/ bautechnische Untersuchungen<\/li>\r\n<\/ul>\r\n<div style=\"clear: both; text-align: center;\"><\/div>\r\n<\/div>\r\n\r\n<hr \/>","protected":false},"excerpt":{"rendered":"<p>&nbsp; PROJEKT-BEISPIELE HANS HEUBECK DIPL. ING. DIP. ARCH. CANT. Freier Architekt Sachverst\u00e4ndiger f\u00fcr Sch\u00e4den an Geb\u00e4uden HTWG Konstanz\/IFBau Hohentwielstr. 34, 70199 Stuttgart Fon +49 (0) 711 . 640 25 78\u2026 <span class=\"read-btn\"><a class=\"read-more\" href=\"https:\/\/heubeck-architecture.de\/?p=337\">Read More &rarr;<\/a><\/span><\/p>\n","protected":false},"author":1,"featured_media":0,"parent":0,"menu_order":0,"comment_status":"open","ping_status":"open","template":"","meta":[],"_links":{"self":[{"href":"https:\/\/heubeck-architecture.de\/index.php?rest_route=\/wp\/v2\/pages\/349"}],"collection":[{"href":"https:\/\/heubeck-architecture.de\/index.php?rest_route=\/wp\/v2\/pages"}],"about":[{"href":"https:\/\/heubeck-architecture.de\/index.php?rest_route=\/wp\/v2\/types\/page"}],"author":[{"embeddable":true,"href":"https:\/\/heubeck-architecture.de\/index.php?rest_route=\/wp\/v2\/users\/1"}],"replies":[{"embeddable":true,"href":"https:\/\/heubeck-architecture.de\/index.php?rest_route=%2Fwp%2Fv2%2Fcomments&post=349"}],"version-history":[{"count":108,"href":"https:\/\/heubeck-architecture.de\/index.php?rest_route=\/wp\/v2\/pages\/349\/revisions"}],"predecessor-version":[{"id":1679,"href":"https:\/\/heubeck-architecture.de\/index.php?rest_route=\/wp\/v2\/pages\/349\/revisions\/1679"}],"wp:attachment":[{"href":"https:\/\/heubeck-architecture.de\/index.php?rest_route=%2Fwp%2Fv2%2Fmedia&parent=349"}],"curies":[{"name":"wp","href":"https:\/\/api.w.org\/{rel}","templated":true}]}}