{"id":614,"date":"2014-02-13T14:46:05","date_gmt":"2014-02-13T14:46:05","guid":{"rendered":"https:\/\/heubeck-architecture.de\/?page_id=614"},"modified":"2018-10-15T14:57:00","modified_gmt":"2018-10-15T12:57:00","slug":"gebaudesanierung-innenausbau","status":"publish","type":"page","link":"https:\/\/heubeck-architecture.de\/?page_id=614","title":{"rendered":"Geb\u00e4udesanierung \/\/ Innenausbau"},"content":{"rendered":"\n<!-- NOTE: If you need to make changes to this file, copy it to your current theme's main\n\tdirectory so your changes won't be overwritten when the plugin is upgraded. -->\n\n<!-- Post Wrap Start-->\n<div class=\"post hentry ivycat-post\">\n\t\n\t<!-- \tThis outputs the post EXCERPT.  To display full content including images and html, \n\t\treplace the_excerpt(); with the_content();  below. -->\n\t<div class=\"entry-summary\">\n\t\t<h3 style=\"text-align: center;\">HERZLICH WILLKOMMEN BEI HEUBECK ARCHITECTURE<\/h3>\r\n<p style=\"text-align: center;\"><span style=\"font-family: light; font-size: 14pt;\">FREIER ARCHITEKT \/ SACHVERST\u00c4NDIGER F\u00dcR SCH\u00c4DEN AN GEB\u00c4UDEN<\/span><\/p>\t<\/div>\n\n<\/div>\n<!-- \/\/ Post Wrap End -->\n\r\n\r\n\n<!-- NOTE: If you need to make changes to this file, copy it to your current theme's main\n\tdirectory so your changes won't be overwritten when the plugin is upgraded. -->\n\n<!-- Post Wrap Start-->\n<div class=\"post hentry ivycat-post\">\n\t\n\t<!-- \tThis outputs the post EXCERPT.  To display full content including images and html, \n\t\treplace the_excerpt(); with the_content();  below. -->\n\t<div class=\"entry-summary\">\n\t\t<div id=\"mainwrapper\">\r\n<div id=\"box-1\" class=\"box\"><a href=\"?page_id=417\"><img loading=\"lazy\" class=\"alignleft size-thumbnail wp-image-1371\" src=\"\/wp-content\/uploads\/2018\/10\/IMG_1954-Icon-Front-2-Kopie-2-150x150.jpg\" alt=\"01\" width=\"100%\" height=\"100%\" srcset=\"https:\/\/heubeck-architecture.de\/wp-content\/uploads\/2018\/10\/IMG_1954-Icon-Front-2-Kopie-2-150x150.jpg 150w, https:\/\/heubeck-architecture.de\/wp-content\/uploads\/2018\/10\/IMG_1954-Icon-Front-2-Kopie-2-300x300.jpg 300w, https:\/\/heubeck-architecture.de\/wp-content\/uploads\/2018\/10\/IMG_1954-Icon-Front-2-Kopie-2-768x768.jpg 768w, https:\/\/heubeck-architecture.de\/wp-content\/uploads\/2018\/10\/IMG_1954-Icon-Front-2-Kopie-2-1024x1024.jpg 1024w, https:\/\/heubeck-architecture.de\/wp-content\/uploads\/2018\/10\/IMG_1954-Icon-Front-2-Kopie-2-600x600.jpg 600w, https:\/\/heubeck-architecture.de\/wp-content\/uploads\/2018\/10\/IMG_1954-Icon-Front-2-Kopie-2-940x940.jpg 940w\" sizes=\"(max-width: 150px) 100vw, 150px\" \/>\r\n<span class=\"caption simple-caption\"><p>GEB\u00c4UDEPLANUNG<\/p><\/span>\r\n<\/a>\r\n<\/div>\r\n\r\n<div id=\"box-1\" class=\"box\"><a href=\"?page_id=696\"><img loading=\"lazy\" class=\"alignleft size-thumbnail wp-image-66\" src=\"\/wp-content\/uploads\/2014\/03\/thumbnails\/SA01.jpg\" alt=\"02\" width=\"100%\" height=\"100%\" \/>\r\n<span class=\"caption simple-caption\"><p>SCH\u00c4DEN <br>AN GEB\u00c4UDEN<\/p><\/span>\r\n<\/a>\r\n<\/div>\r\n\r\n<div id=\"box-1\" class=\"box\"><a href=\"?page_id=826\"><img loading=\"lazy\" class=\"alignleft size-thumbnail wp-image-68\" src=\"\/wp-content\/uploads\/2014\/03\/thumbnails\/EB01.jpg\" alt=\"03\" width=\"100%\" height=\"100%\" \/>\r\n<span class=\"caption simple-caption\"><p>ENERGETISCHE GEB\u00c4UDESANIERUNG<\/p><\/span>\r\n<\/a>\r\n<\/div>\r\n\r\n<div id=\"box-1\" class=\"box\"><a href=\"?page_id=824\"><img loading=\"lazy\" class=\"alignleft size-thumbnail wp-image-70\" src=\"\/wp-content\/uploads\/2014\/03\/thumbnails\/DS01.jpg\" alt=\"04\" width=\"100%\" height=\"100%\" \/>\r\n<span class=\"caption simple-caption\"><p>DENKMALSCHUTZ<\/p><\/span>\r\n<\/a>\r\n<\/div>\r\n\r\n<\/div>\r\n&nbsp;\t<\/div>\n\n<\/div>\n<!-- \/\/ Post Wrap End -->\n\r\n\r\n<hr \/>\r\n\r\n<h1 style=\"text-align: center;\">INNENAUSBAU<\/h1>\r\n\n<!-- NOTE: If you need to make changes to this file, copy it to your current theme's main\n\tdirectory so your changes won't be overwritten when the plugin is upgraded. -->\n\n<!-- Post Wrap Start-->\n<div class=\"post hentry ivycat-post\">\n\t\n\t<!-- \tThis outputs the post EXCERPT.  To display full content including images and html, \n\t\treplace the_excerpt(); with the_content();  below. -->\n\t<div class=\"entry-summary\">\n\t\t<div id=\"mainwrapper\">\r\n<a href=\"\/?page_id=417\"><div id=\"box-1\" class=\"box\"><img loading=\"lazy\" class=\"alignleft size-full wp-image-507\" alt=\"GP02\" src=\"\/wp-content\/uploads\/2014\/02\/GP02.jpg\" width=\"100%\" height=\"100%\" srcset=\"https:\/\/heubeck-architecture.de\/wp-content\/uploads\/2014\/02\/GP02.jpg 220w, https:\/\/heubeck-architecture.de\/wp-content\/uploads\/2014\/02\/GP02-150x150.jpg 150w\" sizes=\"(max-width: 220px) 100vw, 220px\" \/><span class=\"caption simple-caption\"><p>EARLY WORK<\/p> <\/span><\/div><\/a>\r\n\r\n\r\n<div id=\"box-1\" class=\"box\"><a href=\"\/?page_id=568#sonderkonstruktionen\"><img loading=\"lazy\" class=\"alignleft size-full wp-image-508\" alt=\"GP04\" src=\"\/wp-content\/uploads\/2014\/02\/GP04.jpg\" width=\"100%\" height=\"100%\" srcset=\"https:\/\/heubeck-architecture.de\/wp-content\/uploads\/2014\/02\/GP04.jpg 220w, https:\/\/heubeck-architecture.de\/wp-content\/uploads\/2014\/02\/GP04-150x150.jpg 150w\" sizes=\"(max-width: 220px) 100vw, 220px\" \/><span class=\"caption simple-caption\"> \r\n <p>SONDER-<br \/>KONSTRUKTIONEN<\/p> \r\n <\/span><\/div>\r\n <\/a> \r\n<div id=\"box-1\" class=\"box\"><a href=\"\/?page_id=614#maisonette\"><img loading=\"lazy\" class=\"alignleft size-full wp-image-510\" style=\"margin-right: 0;\" alt=\"GP06\" src=\"\/wp-content\/uploads\/2014\/02\/GP06.jpg\" width=\"100%\" height=\"100%\" srcset=\"https:\/\/heubeck-architecture.de\/wp-content\/uploads\/2014\/02\/GP06.jpg 220w, https:\/\/heubeck-architecture.de\/wp-content\/uploads\/2014\/02\/GP06-150x150.jpg 150w\" sizes=\"(max-width: 220px) 100vw, 220px\" \/><span class=\"caption simple-caption\"> \r\n <p>INNENAUSBAU<\/p> \r\n <\/span><\/div>\r\n <\/a> \r\n<div id=\"box-1\" class=\"box\"><a href=\"\/?page_id=586#balkonsanierung\"><img loading=\"lazy\" class=\"alignleft size-full wp-image-511\" alt=\"GP08\" src=\"\/wp-content\/uploads\/2014\/02\/GP08.jpg\" width=\"100%\" height=\"100%\" srcset=\"https:\/\/heubeck-architecture.de\/wp-content\/uploads\/2014\/02\/GP08.jpg 220w, https:\/\/heubeck-architecture.de\/wp-content\/uploads\/2014\/02\/GP08-150x150.jpg 150w\" sizes=\"(max-width: 220px) 100vw, 220px\" \/><span class=\"caption simple-caption\"> \r\n <p>BALKONSANIERUNG<\/p> \r\n <\/span><\/div>\r\n <\/a> \r\n<div id=\"box-1\" class=\"box\"><a href=\"\/?page_id=417#haus-s\"><img loading=\"lazy\" class=\"alignleft size-full wp-image-917\" alt=\"GP03\" src=\"\/wp-content\/uploads\/2014\/02\/GP03.jpg\" width=\"100%\" height=\"100%\" srcset=\"https:\/\/heubeck-architecture.de\/wp-content\/uploads\/2014\/02\/GP03.jpg 220w, https:\/\/heubeck-architecture.de\/wp-content\/uploads\/2014\/02\/GP03-150x150.jpg 150w\" sizes=\"(max-width: 220px) 100vw, 220px\" \/><span class=\"caption simple-caption\"> \r\n <p>EARLY WORKS<\/p> \r\n <\/span><\/div>\r\n <\/a> \r\n<div id=\"box-1\" class=\"box\"><a href=\"\/?page_id=568#aussenanlagen\"><img loading=\"lazy\" class=\"alignleft size-full wp-image-509\" alt=\"GP05\" src=\"\/wp-content\/uploads\/2014\/02\/GP05.jpg\" width=\"100%\" height=\"100%\" srcset=\"https:\/\/heubeck-architecture.de\/wp-content\/uploads\/2014\/02\/GP05.jpg 220w, https:\/\/heubeck-architecture.de\/wp-content\/uploads\/2014\/02\/GP05-150x150.jpg 150w\" sizes=\"(max-width: 220px) 100vw, 220px\" \/><span class=\"caption simple-caption\"> \r\n <p>AUSSENANLAGEN<\/p> \r\n <\/span><\/div>\r\n <\/a> \r\n<div id=\"box-1\" class=\"box\"><a href=\"\/?page_id=614\"><img loading=\"lazy\" class=\"alignleft size-full wp-image-1609\" alt=\"GP02\" src=\"\/wp-content\/uploads\/2018\/11\/GP02.png\" width=\"100%\" height=\"100%\" srcset=\"https:\/\/heubeck-architecture.de\/wp-content\/uploads\/2018\/11\/GP02.png 182w, https:\/\/heubeck-architecture.de\/wp-content\/uploads\/2018\/11\/GP02-150x150.png 150w\" sizes=\"(max-width: 182px) 100vw, 182px\" \/><span class=\"caption simple-caption\"> \r\n <p>INNENAUSBAU<\/p> \r\n <\/span><\/div>\r\n <\/a> \r\n<div id=\"box-1\" class=\"box\"><a href=\"\/?page_id=586#brandschutzsanierung\"><img loading=\"lazy\" class=\"alignleft size-full wp-image-512\" alt=\"GP09\" src=\"\/wp-content\/uploads\/2014\/02\/GP09.jpg\" width=\"100%\" height=\"100%\" srcset=\"https:\/\/heubeck-architecture.de\/wp-content\/uploads\/2014\/02\/GP09.jpg 220w, https:\/\/heubeck-architecture.de\/wp-content\/uploads\/2014\/02\/GP09-150x150.jpg 150w\" sizes=\"(max-width: 220px) 100vw, 220px\" \/><span class=\"caption simple-caption\"> \r\n <p>BRANDSCHUTZ-<br \/>SANIERUNG<\/p> \r\n <\/span><\/div>\r\n <\/a><br \/>\r\n<\/div>\r\n <br style=\"clear:both;\" \/> \t<\/div>\n\n<\/div>\n<!-- \/\/ Post Wrap End -->\n\r\n\r\n<hr \/>\r\n\r\n<h2><\/h2>\r\n\n<!-- NOTE: If you need to make changes to this file, copy it to your current theme's main\n\tdirectory so your changes won't be overwritten when the plugin is upgraded. -->\n\n<!-- Post Wrap Start-->\n<div class=\"post hentry ivycat-post\">\n\t\n\t<!-- \tThis outputs the post EXCERPT.  To display full content including images and html, \n\t\treplace the_excerpt(); with the_content();  below. -->\n\t<div class=\"entry-summary\">\n\t\t<p style=\"text-align: center;\"><img loading=\"lazy\" class=\"size-full wp-image-590\" alt=\"GP-AB--01--460x305px\" src=\"https:\/\/heubeck-architecture.de\/wp-content\/uploads\/2014\/02\/GP-AB-01-460x305px.jpg\" width=\"460\" height=\"305\" srcset=\"https:\/\/heubeck-architecture.de\/wp-content\/uploads\/2014\/02\/GP-AB-01-460x305px.jpg 460w, https:\/\/heubeck-architecture.de\/wp-content\/uploads\/2014\/02\/GP-AB-01-460x305px-300x198.jpg 300w\" sizes=\"(max-width: 460px) 100vw, 460px\" \/><img loading=\"lazy\" class=\"size-full wp-image-591 \" style=\"margin-right: 0;\" alt=\"GP-AB--02--460x625px\" src=\"https:\/\/heubeck-architecture.de\/wp-content\/uploads\/2014\/02\/GP-AB-02-460x625px.jpg\" width=\"460\" height=\"305\" srcset=\"https:\/\/heubeck-architecture.de\/wp-content\/uploads\/2014\/02\/GP-AB-02-460x625px.jpg 460w, https:\/\/heubeck-architecture.de\/wp-content\/uploads\/2014\/02\/GP-AB-02-460x625px-300x198.jpg 300w\" sizes=\"(max-width: 460px) 100vw, 460px\" \/><br \/><br \/>\r\n\r\n<div class=\"linkeSpalte\">EINGANGSFOYER VERWALTUNGSGEB\u00c4UDE \/ SCHULE<br>\r\nAbgeh\u00e4ngtes Deckensegel\/Lichtdecke, Info-Screen mit Brandschutzverglasung. Beschilderung Farbkonzeption.<br>\r\n<a href=\"https:\/\/heubeck-architecture.de\/?p=826\"><span class=\"angle\">&gt;<\/span> Energetische Geb\u00e4udesanierung<\/a>\r\n<\/div>\r\n<hr \/>\r\n\r\n<p style=\"text-align: center;\">\u00a0<\/p>\r\n<p style=\"text-align: center;\"><img loading=\"lazy\" class=\"size-full wp-image-592\" alt=\"GP-AB--03--460x625px\" src=\"https:\/\/heubeck-architecture.de\/wp-content\/uploads\/2014\/02\/GP-AB-03-460x625px.jpg\" width=\"460\" height=\"305\" srcset=\"https:\/\/heubeck-architecture.de\/wp-content\/uploads\/2014\/02\/GP-AB-03-460x625px.jpg 460w, https:\/\/heubeck-architecture.de\/wp-content\/uploads\/2014\/02\/GP-AB-03-460x625px-300x198.jpg 300w\" sizes=\"(max-width: 460px) 100vw, 460px\" \/><img loading=\"lazy\" class=\"size-full wp-image-593\" style=\"margin-right: 0;\" alt=\"GP-AB--04--460x305px\" src=\"https:\/\/heubeck-architecture.de\/wp-content\/uploads\/2014\/02\/GP-AB-04-460x305px.jpg\" width=\"460\" height=\"305\" srcset=\"https:\/\/heubeck-architecture.de\/wp-content\/uploads\/2014\/02\/GP-AB-04-460x305px.jpg 460w, https:\/\/heubeck-architecture.de\/wp-content\/uploads\/2014\/02\/GP-AB-04-460x305px-300x198.jpg 300w\" sizes=\"(max-width: 460px) 100vw, 460px\" \/><br \/><br \/>\r\n\r\n<div class=\"linkeSpalte\">FLURE VERWALTUNGSGEB\u00c4UDE<br>\r\nBrandschutzsanierung (Notwendige Flure). Brandschutzdecken, Neugestaltung Wand \/ Boden \/ Decke, Farb- und Beleuchtungskonzept.<br>\r\n<\/div>\r\n<hr \/>\r\n\r\n<p style=\"text-align: center;\">\u00a0<\/p>\r\n<p style=\"text-align: center;\"><img loading=\"lazy\" class=\"size-full wp-image-594\" alt=\"GP-AB--05--460x625px\" src=\"https:\/\/heubeck-architecture.de\/wp-content\/uploads\/2014\/02\/GP-AB-05-460x625px.jpg\" width=\"460\" height=\"305\" srcset=\"https:\/\/heubeck-architecture.de\/wp-content\/uploads\/2014\/02\/GP-AB-05-460x625px.jpg 460w, https:\/\/heubeck-architecture.de\/wp-content\/uploads\/2014\/02\/GP-AB-05-460x625px-300x198.jpg 300w\" sizes=\"(max-width: 460px) 100vw, 460px\" \/><img loading=\"lazy\" class=\"size-full wp-image-595\" style=\"margin-right: 0;\" alt=\"GP-AB--06--460x625px\" src=\"https:\/\/heubeck-architecture.de\/wp-content\/uploads\/2014\/02\/GP-AB-06-460x625px.jpg\" width=\"460\" height=\"305\" srcset=\"https:\/\/heubeck-architecture.de\/wp-content\/uploads\/2014\/02\/GP-AB-06-460x625px.jpg 460w, https:\/\/heubeck-architecture.de\/wp-content\/uploads\/2014\/02\/GP-AB-06-460x625px-300x198.jpg 300w\" sizes=\"(max-width: 460px) 100vw, 460px\" \/><br \/><br \/>\r\n\r\n<div class=\"linkeSpalte\">BESCHILDERUNG<br>\r\nEntwurf-Gestaltung Hinweisbeschilderung.<br>\r\n<\/div>\r\n<hr \/>\r\n\r\n<p style=\"text-align: center;\">\u00a0<\/p>\r\n<p style=\"text-align: center;\"><img loading=\"lazy\" class=\"size-full wp-image-596\" alt=\"GP-AB--07--460x625px\" src=\"https:\/\/heubeck-architecture.de\/wp-content\/uploads\/2014\/02\/GP-AB-07-460x625px.jpg\" width=\"460\" height=\"305\" srcset=\"https:\/\/heubeck-architecture.de\/wp-content\/uploads\/2014\/02\/GP-AB-07-460x625px.jpg 460w, https:\/\/heubeck-architecture.de\/wp-content\/uploads\/2014\/02\/GP-AB-07-460x625px-300x198.jpg 300w\" sizes=\"(max-width: 460px) 100vw, 460px\" \/><img loading=\"lazy\" class=\"size-full wp-image-597\" style=\"margin-right: 0;\" alt=\"GP-AB--08--460x625px\" src=\"https:\/\/heubeck-architecture.de\/wp-content\/uploads\/2014\/02\/GP-AB-08-460x625px.jpg\" width=\"460\" height=\"305\" srcset=\"https:\/\/heubeck-architecture.de\/wp-content\/uploads\/2014\/02\/GP-AB-08-460x625px.jpg 460w, https:\/\/heubeck-architecture.de\/wp-content\/uploads\/2014\/02\/GP-AB-08-460x625px-300x198.jpg 300w\" sizes=\"(max-width: 460px) 100vw, 460px\" \/><br \/><br \/>\r\n\r\n<div class=\"linkeSpalte\">SCHULUNGSR\u00c4UME<br>\r\nUmbau\/ Neugestaltung Labork\u00fcche und Verkaufsstudio.<br>\r\n<\/div>\r\n<hr \/>\r\n\r\n<p style=\"text-align: center;\">\u00a0<\/p>\r\n<p style=\"text-align: center;\"><img loading=\"lazy\" class=\"size-full wp-image-598\" alt=\"GP-AB--09--460x625px\" src=\"https:\/\/heubeck-architecture.de\/wp-content\/uploads\/2014\/02\/GP-AB-09-460x625px.jpg\" width=\"460\" height=\"625\" srcset=\"https:\/\/heubeck-architecture.de\/wp-content\/uploads\/2014\/02\/GP-AB-09-460x625px.jpg 460w, https:\/\/heubeck-architecture.de\/wp-content\/uploads\/2014\/02\/GP-AB-09-460x625px-220x300.jpg 220w\" sizes=\"(max-width: 460px) 100vw, 460px\" \/><img loading=\"lazy\" class=\"size-full wp-image-599\" style=\"margin-right: 0;\" alt=\"GP-AB--10--460x625px\" src=\"https:\/\/heubeck-architecture.de\/wp-content\/uploads\/2014\/02\/GP-AB-10-460x625px.jpg\" width=\"460\" height=\"625\" srcset=\"https:\/\/heubeck-architecture.de\/wp-content\/uploads\/2014\/02\/GP-AB-10-460x625px.jpg 460w, https:\/\/heubeck-architecture.de\/wp-content\/uploads\/2014\/02\/GP-AB-10-460x625px-220x300.jpg 220w\" sizes=\"(max-width: 460px) 100vw, 460px\" \/><br \/><br \/>\r\n\r\n<div class=\"linkeSpalte\">PAUSENZONE \/ BEHINDERTEN WC SCHULE<br>\r\nNeugestaltung Pausenzone \/ Cafeteria. Einbau Behinderten-WC. Farb- und Beleuchtungskonzept.<br>\r\n<\/div>\r\n<hr \/>\r\n\r\n<p style=\"text-align: center;\">\u00a0<\/p>\r\n<p style=\"text-align: center;\"><img loading=\"lazy\" class=\"size-full wp-image-600\" alt=\"GP-AB--11--460x305px\" src=\"https:\/\/heubeck-architecture.de\/wp-content\/uploads\/2014\/02\/GP-AB-11-460x305px.jpg\" width=\"460\" height=\"305\" srcset=\"https:\/\/heubeck-architecture.de\/wp-content\/uploads\/2014\/02\/GP-AB-11-460x305px.jpg 460w, https:\/\/heubeck-architecture.de\/wp-content\/uploads\/2014\/02\/GP-AB-11-460x305px-300x198.jpg 300w\" sizes=\"(max-width: 460px) 100vw, 460px\" \/><img loading=\"lazy\" class=\"size-full wp-image-601\" style=\"margin-right: 0;\" alt=\"GP-AB--12--460x305px\" src=\"https:\/\/heubeck-architecture.de\/wp-content\/uploads\/2014\/02\/GP-AB-12-460x305px.jpg\" width=\"460\" height=\"305\" srcset=\"https:\/\/heubeck-architecture.de\/wp-content\/uploads\/2014\/02\/GP-AB-12-460x305px.jpg 460w, https:\/\/heubeck-architecture.de\/wp-content\/uploads\/2014\/02\/GP-AB-12-460x305px-300x198.jpg 300w\" sizes=\"(max-width: 460px) 100vw, 460px\" \/><br \/><br \/>\r\n\r\n<div id=\"maisonette\" class=\"linkeSpalte\">DG MAISONETTE STUTTGART<br>\r\nUmbau B\u00fchnenraum, Studiowohnung mit Dacheinschnitt.<br>\r\n<\/div>\r\n<hr \/>\r\n\r\n<p style=\"text-align: center;\">\u00a0<\/p>\r\n<p style=\"text-align: center;\"><img loading=\"lazy\" class=\"size-full wp-image-602\" style=\"line-height: 1.5em;\" alt=\"GP-AB--13--460x305px\" src=\"https:\/\/heubeck-architecture.de\/wp-content\/uploads\/2014\/02\/GP-AB-13-460x305px.jpg\" width=\"460\" height=\"305\" srcset=\"https:\/\/heubeck-architecture.de\/wp-content\/uploads\/2014\/02\/GP-AB-13-460x305px.jpg 460w, https:\/\/heubeck-architecture.de\/wp-content\/uploads\/2014\/02\/GP-AB-13-460x305px-300x198.jpg 300w\" sizes=\"(max-width: 460px) 100vw, 460px\" \/><img loading=\"lazy\" class=\"size-full wp-image-603\" style=\"margin-right: 0;\" alt=\"GP-AB--14--460x305px\" src=\"https:\/\/heubeck-architecture.de\/wp-content\/uploads\/2014\/02\/GP-AB-14-460x305px.jpg\" width=\"460\" height=\"305\" srcset=\"https:\/\/heubeck-architecture.de\/wp-content\/uploads\/2014\/02\/GP-AB-14-460x305px.jpg 460w, https:\/\/heubeck-architecture.de\/wp-content\/uploads\/2014\/02\/GP-AB-14-460x305px-300x198.jpg 300w\" sizes=\"(max-width: 460px) 100vw, 460px\" \/><br \/><br \/>\r\n\r\n<div id=\"maisonette\" class=\"linkeSpalte\">DG MAISONETTE STUTTGART<br>\r\nUmbau Dachgeschoss, offenes Raumerlebnis \u00fcber zwei Ebenen, innenliegendes Atrium. Unterspannte Stahl-Treppenkonstruktion.<br>\r\n<\/div>\r\n<hr \/>\r\n\r\n<p style=\"text-align: center;\">\u00a0<\/p>\r\n<p style=\"text-align: center;\"><img loading=\"lazy\" class=\"size-full wp-image-604\" style=\"line-height: 1.5em;\" alt=\"GP-AB--15--460x305px\" src=\"https:\/\/heubeck-architecture.de\/wp-content\/uploads\/2014\/02\/GP-AB-15-460x305px.jpg\" width=\"460\" height=\"305\" srcset=\"https:\/\/heubeck-architecture.de\/wp-content\/uploads\/2014\/02\/GP-AB-15-460x305px.jpg 460w, https:\/\/heubeck-architecture.de\/wp-content\/uploads\/2014\/02\/GP-AB-15-460x305px-300x198.jpg 300w\" sizes=\"(max-width: 460px) 100vw, 460px\" \/><img loading=\"lazy\" class=\"size-full wp-image-605\" style=\"margin-right: 0;\" alt=\"GP-AB--16--460x305px\" src=\"https:\/\/heubeck-architecture.de\/wp-content\/uploads\/2014\/02\/GP-AB-16-460x305px.jpg\" width=\"460\" height=\"305\" srcset=\"https:\/\/heubeck-architecture.de\/wp-content\/uploads\/2014\/02\/GP-AB-16-460x305px.jpg 460w, https:\/\/heubeck-architecture.de\/wp-content\/uploads\/2014\/02\/GP-AB-16-460x305px-300x198.jpg 300w\" sizes=\"(max-width: 460px) 100vw, 460px\" \/><br \/><br \/>\r\n\r\n<div id=\"maisonette\" class=\"linkeSpalte\">DG MAISONETTE<br>\r\nDachgeschossausbau vormaliger B\u00fchnenraum zu Maisonette mit Dacheinschnitt.<br>\r\n<a href=\"https:\/\/heubeck-architecture.de\/?p=826#dg-ausbau\"><span class=\"angle\">&gt;<\/span> Energetische Geb\u00e4udesanierung<\/a>\r\n<\/div>\r\n<hr \/>\r\n\r\n<p style=\"text-align: center;\">\u00a0<\/p>\r\n<p style=\"text-align: center;\"><img loading=\"lazy\" class=\"size-full wp-image-606\" alt=\"GP-AB--17--460x625px\" src=\"https:\/\/heubeck-architecture.de\/wp-content\/uploads\/2014\/02\/GP-AB-17-460x625px.jpg\" width=\"460\" height=\"625\" srcset=\"https:\/\/heubeck-architecture.de\/wp-content\/uploads\/2014\/02\/GP-AB-17-460x625px.jpg 460w, https:\/\/heubeck-architecture.de\/wp-content\/uploads\/2014\/02\/GP-AB-17-460x625px-220x300.jpg 220w\" sizes=\"(max-width: 460px) 100vw, 460px\" \/><img loading=\"lazy\" class=\"size-full wp-image-607\" style=\"margin-right: 0;\" alt=\"GP-AB--18--460x625px\" src=\"https:\/\/heubeck-architecture.de\/wp-content\/uploads\/2014\/02\/GP-AB-18-460x625px.jpg\" width=\"460\" height=\"625\" srcset=\"https:\/\/heubeck-architecture.de\/wp-content\/uploads\/2014\/02\/GP-AB-18-460x625px.jpg 460w, https:\/\/heubeck-architecture.de\/wp-content\/uploads\/2014\/02\/GP-AB-18-460x625px-220x300.jpg 220w\" sizes=\"(max-width: 460px) 100vw, 460px\" \/><br \/><br \/>\r\n\r\n<div id=\"maisonette\" class=\"linkeSpalte\">GLASBAUSTEINE<br>\r\nAbtrennung\u00a0Flur\/Treppenhaus. Duschabtrennung DG Maisonette.<br>\r\n<\/div>\r\n<hr \/>\t<\/div>\n\n<\/div>\n<!-- \/\/ Post Wrap End -->\n","protected":false},"excerpt":{"rendered":"<p>INNENAUSBAU<\/p>\n","protected":false},"author":1,"featured_media":0,"parent":0,"menu_order":0,"comment_status":"open","ping_status":"open","template":"","meta":[],"_links":{"self":[{"href":"https:\/\/heubeck-architecture.de\/index.php?rest_route=\/wp\/v2\/pages\/614"}],"collection":[{"href":"https:\/\/heubeck-architecture.de\/index.php?rest_route=\/wp\/v2\/pages"}],"about":[{"href":"https:\/\/heubeck-architecture.de\/index.php?rest_route=\/wp\/v2\/types\/page"}],"author":[{"embeddable":true,"href":"https:\/\/heubeck-architecture.de\/index.php?rest_route=\/wp\/v2\/users\/1"}],"replies":[{"embeddable":true,"href":"https:\/\/heubeck-architecture.de\/index.php?rest_route=%2Fwp%2Fv2%2Fcomments&post=614"}],"version-history":[{"count":12,"href":"https:\/\/heubeck-architecture.de\/index.php?rest_route=\/wp\/v2\/pages\/614\/revisions"}],"predecessor-version":[{"id":1328,"href":"https:\/\/heubeck-architecture.de\/index.php?rest_route=\/wp\/v2\/pages\/614\/revisions\/1328"}],"wp:attachment":[{"href":"https:\/\/heubeck-architecture.de\/index.php?rest_route=%2Fwp%2Fv2%2Fmedia&parent=614"}],"curies":[{"name":"wp","href":"https:\/\/api.w.org\/{rel}","templated":true}]}}