{"id":660,"date":"2014-02-13T15:19:13","date_gmt":"2014-02-13T15:19:13","guid":{"rendered":"https:\/\/heubeck-architecture.de\/?page_id=660"},"modified":"2014-02-27T13:35:54","modified_gmt":"2014-02-27T13:35:54","slug":"bauschaden-balkone","status":"publish","type":"page","link":"https:\/\/heubeck-architecture.de\/?page_id=660","title":{"rendered":"Bausch\u00e4den \/\/ Balkone"},"content":{"rendered":"\n<!-- NOTE: If you need to make changes to this file, copy it to your current theme's main\n\tdirectory so your changes won't be overwritten when the plugin is upgraded. -->\n\n<!-- Post Wrap Start-->\n<div class=\"post hentry ivycat-post\">\n\t\n\t<!-- \tThis outputs the post EXCERPT.  To display full content including images and html, \n\t\treplace the_excerpt(); with the_content();  below. -->\n\t<div class=\"entry-summary\">\n\t\t<h3 style=\"text-align: center;\">HERZLICH WILLKOMMEN BEI HEUBECK ARCHITECTURE<\/h3>\r\n<p style=\"text-align: center;\"><span style=\"font-family: light; font-size: 14pt;\">FREIER ARCHITEKT \/ SACHVERST\u00c4NDIGER F\u00dcR SCH\u00c4DEN AN GEB\u00c4UDEN<\/span><\/p>\t<\/div>\n\n<\/div>\n<!-- \/\/ Post Wrap End -->\n\r\n\n<!-- NOTE: If you need to make changes to this file, copy it to your current theme's main\n\tdirectory so your changes won't be overwritten when the plugin is upgraded. -->\n\n<!-- Post Wrap Start-->\n<div class=\"post hentry ivycat-post\">\n\t\n\t<!-- \tThis outputs the post EXCERPT.  To display full content including images and html, \n\t\treplace the_excerpt(); with the_content();  below. -->\n\t<div class=\"entry-summary\">\n\t\t<div id=\"mainwrapper\">\r\n<div id=\"box-1\" class=\"box\"><a href=\"?page_id=417\"><img loading=\"lazy\" class=\"alignleft size-thumbnail wp-image-1371\" src=\"\/wp-content\/uploads\/2018\/10\/IMG_1954-Icon-Front-2-Kopie-2-150x150.jpg\" alt=\"01\" width=\"100%\" height=\"100%\" srcset=\"https:\/\/heubeck-architecture.de\/wp-content\/uploads\/2018\/10\/IMG_1954-Icon-Front-2-Kopie-2-150x150.jpg 150w, https:\/\/heubeck-architecture.de\/wp-content\/uploads\/2018\/10\/IMG_1954-Icon-Front-2-Kopie-2-300x300.jpg 300w, https:\/\/heubeck-architecture.de\/wp-content\/uploads\/2018\/10\/IMG_1954-Icon-Front-2-Kopie-2-768x768.jpg 768w, https:\/\/heubeck-architecture.de\/wp-content\/uploads\/2018\/10\/IMG_1954-Icon-Front-2-Kopie-2-1024x1024.jpg 1024w, https:\/\/heubeck-architecture.de\/wp-content\/uploads\/2018\/10\/IMG_1954-Icon-Front-2-Kopie-2-600x600.jpg 600w, https:\/\/heubeck-architecture.de\/wp-content\/uploads\/2018\/10\/IMG_1954-Icon-Front-2-Kopie-2-940x940.jpg 940w\" sizes=\"(max-width: 150px) 100vw, 150px\" \/>\r\n<span class=\"caption simple-caption\"><p>GEB\u00c4UDEPLANUNG<\/p><\/span>\r\n<\/a>\r\n<\/div>\r\n\r\n<div id=\"box-1\" class=\"box\"><a href=\"?page_id=696\"><img loading=\"lazy\" class=\"alignleft size-thumbnail wp-image-66\" src=\"\/wp-content\/uploads\/2014\/03\/thumbnails\/SA01.jpg\" alt=\"02\" width=\"100%\" height=\"100%\" \/>\r\n<span class=\"caption simple-caption\"><p>SCH\u00c4DEN <br>AN GEB\u00c4UDEN<\/p><\/span>\r\n<\/a>\r\n<\/div>\r\n\r\n<div id=\"box-1\" class=\"box\"><a href=\"?page_id=826\"><img loading=\"lazy\" class=\"alignleft size-thumbnail wp-image-68\" src=\"\/wp-content\/uploads\/2014\/03\/thumbnails\/EB01.jpg\" alt=\"03\" width=\"100%\" height=\"100%\" \/>\r\n<span class=\"caption simple-caption\"><p>ENERGETISCHE GEB\u00c4UDESANIERUNG<\/p><\/span>\r\n<\/a>\r\n<\/div>\r\n\r\n<div id=\"box-1\" class=\"box\"><a href=\"?page_id=824\"><img loading=\"lazy\" class=\"alignleft size-thumbnail wp-image-70\" src=\"\/wp-content\/uploads\/2014\/03\/thumbnails\/DS01.jpg\" alt=\"04\" width=\"100%\" height=\"100%\" \/>\r\n<span class=\"caption simple-caption\"><p>DENKMALSCHUTZ<\/p><\/span>\r\n<\/a>\r\n<\/div>\r\n\r\n<\/div>\r\n&nbsp;\t<\/div>\n\n<\/div>\n<!-- \/\/ Post Wrap End -->\n\r\n<hr \/>\r\n<p>&nbsp;<\/p>\r\n<h1 style=\"text-align: center;\">SCH\u00c4DEN AN BALKONEN<\/h1>\r\n\n<!-- NOTE: If you need to make changes to this file, copy it to your current theme's main\n\tdirectory so your changes won't be overwritten when the plugin is upgraded. -->\n\n<!-- Post Wrap Start-->\n<div class=\"post hentry ivycat-post\">\n\t\n\t<!-- \tThis outputs the post EXCERPT.  To display full content including images and html, \n\t\treplace the_excerpt(); with the_content();  below. -->\n\t<div class=\"entry-summary\">\n\t\t<div id=\"mainwrapper\">\r\n\r\n<div class=\"box\" id=\"box-1\"><a href=\"\/?page_id=713\">\r\n<img loading=\"lazy\" class=\"alignleft size-full wp-image-507\" alt=\"GP02\" src=\"https:\/\/heubeck-architecture.de\/wp-content\/uploads\/2014\/02\/SA04.jpg\" width=\"100%\" height=\"100%\" \/><span class=\"caption simple-caption\"><p>FASSADE<\/p><\/span>\r\n<\/a><\/div>\r\n\r\n<div class=\"box\" id=\"box-1\"><a href=\"\/?page_id=772\">\r\n<img loading=\"lazy\" class=\"alignleft size-full wp-image-508\" alt=\"GP04\" src=\"https:\/\/heubeck-architecture.de\/wp-content\/uploads\/2014\/02\/SA02.jpg\" width=\"100%\" height=\"100%\" \/><span class=\"caption simple-caption\"><p>THERMOGRAFIE<\/p><\/span><br \/>\r\n<\/a><\/div>\r\n\r\n<a href=\"\/?page_id=747\">\r\n<div class=\"box\" id=\"box-1\"><img loading=\"lazy\" class=\"alignleft size-full wp-image-509\" alt=\"GP05\" src=\"https:\/\/heubeck-architecture.de\/wp-content\/uploads\/2014\/02\/SA06.jpg\" width=\"100%\" height=\"100%\" \/><span class=\"caption simple-caption\"><p>KONSTRUKTION<\/p><\/span><\/div>\r\n<\/a>\r\n\r\n<a href=\"\/?page_id=631\">\r\n<div class=\"box\" id=\"box-1\"><img loading=\"lazy\" class=\"alignleft size-full wp-image-510\" style=\"margin-right: 0;\" alt=\"GP06\" src=\"https:\/\/heubeck-architecture.de\/wp-content\/uploads\/2014\/02\/SA08.jpg\" width=\"100%\" height=\"100%\" \/><span class=\"caption simple-caption\"><p>AUSBAU<\/p><\/span><\/div>\r\n<\/a>\r\n<a href=\"\/?page_id=696\">\r\n<div class=\"box\" id=\"box-1\"><img loading=\"lazy\" class=\"alignleft size-full wp-image-511\" alt=\"GP08\" src=\"https:\/\/heubeck-architecture.de\/wp-content\/uploads\/2014\/02\/SA05.jpg\" width=\"100%\" height=\"100%\" \/><span class=\"caption simple-caption\"><p>DACH<\/p><\/span><\/div>\r\n<\/a>\r\n<a href=\"\/?page_id=729\">\r\n<div class=\"box\" id=\"box-1\"><img loading=\"lazy\" class=\"alignleft size-full wp-image-512\" alt=\"GP09\" src=\"https:\/\/heubeck-architecture.de\/wp-content\/uploads\/2014\/02\/SA03.jpg\" width=\"100%\" height=\"100%\" \/><span class=\"caption simple-caption\"><p>FEUCHTIGKEIT \/ <br \/>SCHIMMEL<\/p><\/span><\/div>\r\n<\/a>\r\n<a href=\"\/?page_id=660\">\r\n<div class=\"box\" id=\"box-1\"><img loading=\"lazy\" class=\"alignleft size-full wp-image-512\" alt=\"GP09\" src=\"https:\/\/heubeck-architecture.de\/wp-content\/uploads\/2014\/02\/SA07.jpg\" width=\"100%\" height=\"100%\" \/><span class=\"caption simple-caption\"><p>BALKON<\/p><\/span><\/div>\r\n<\/a>\r\n<a href=\"\/?page_id=677\">\r\n<div class=\"box\" id=\"box-1\"><img loading=\"lazy\" class=\"alignleft size-full wp-image-512\" alt=\"GP09\" src=\"https:\/\/heubeck-architecture.de\/wp-content\/uploads\/2014\/02\/SA09.jpg\" width=\"100%\" height=\"100%\" \/><span class=\"caption simple-caption\"><p>BODENBEL\u00c4GE<\/p><\/span><\/div>\r\n<\/a>\r\n<\/div>\r\n\t<\/div>\n\n<\/div>\n<!-- \/\/ Post Wrap End -->\n\r\n<div style=\"clear: both;\"><\/div><br \/><br \/><br \/><br \/>\r\n<hr \/>\r\n<h2>\u00a0<\/h2>\r\n\n<!-- NOTE: If you need to make changes to this file, copy it to your current theme's main\n\tdirectory so your changes won't be overwritten when the plugin is upgraded. -->\n\n<!-- Post Wrap Start-->\n<div class=\"post hentry ivycat-post\">\n\t\n\t<!-- \tThis outputs the post EXCERPT.  To display full content including images and html, \n\t\treplace the_excerpt(); with the_content();  below. -->\n\t<div class=\"entry-summary\">\n\t\t<h3 style=\"text-align: center;\">ENTW\u00c4SSERUNG<\/h3>\r\n<h3 style=\"text-align: center;\"><img loading=\"lazy\" class=\"size-full wp-image-649\" alt=\"BSBK-01--460x305px\" src=\"https:\/\/heubeck-architecture.de\/wp-content\/uploads\/2014\/02\/BSBK-01-460x305px.jpg\" width=\"460\" height=\"305\" srcset=\"https:\/\/heubeck-architecture.de\/wp-content\/uploads\/2014\/02\/BSBK-01-460x305px.jpg 460w, https:\/\/heubeck-architecture.de\/wp-content\/uploads\/2014\/02\/BSBK-01-460x305px-300x198.jpg 300w\" sizes=\"(max-width: 460px) 100vw, 460px\" \/><img loading=\"lazy\" class=\"size-full wp-image-650\" style=\"margin-right: 0;\" alt=\"BSBK-02--460x305px\" src=\"https:\/\/heubeck-architecture.de\/wp-content\/uploads\/2014\/02\/BSBK-02-460x305px.jpg\" width=\"460\" height=\"305\" srcset=\"https:\/\/heubeck-architecture.de\/wp-content\/uploads\/2014\/02\/BSBK-02-460x305px.jpg 460w, https:\/\/heubeck-architecture.de\/wp-content\/uploads\/2014\/02\/BSBK-02-460x305px-300x198.jpg 300w\" sizes=\"(max-width: 460px) 100vw, 460px\" \/><\/h3>\r\n<p style=\"text-align: center;\">\r\n\r\n<div class=\"linkeSpalte\">FALLBEISPIEL BALKONENT\u00c4SSERUNG<br>\r\nMoos- und Algenbildung auf Belag und Br\u00fcstung.<br>Ursache:\u00a0Mangelhafte Detailausbildung Balkonentw\u00e4sserung.<br>\r\n<\/div>\r\n<hr \/>\r\n\r\n<h3 style=\"text-align: center;\">\u00a0Abdichtung \/ Belag<\/h3>\r\n<p>&nbsp;<\/p>\r\n<p style=\"text-align: center;\"><img loading=\"lazy\" class=\"size-full wp-image-651\" alt=\"BSBK-03--460x305px\" src=\"https:\/\/heubeck-architecture.de\/wp-content\/uploads\/2014\/02\/BSBK-03-460x305px.jpg\" width=\"460\" height=\"305\" srcset=\"https:\/\/heubeck-architecture.de\/wp-content\/uploads\/2014\/02\/BSBK-03-460x305px.jpg 460w, https:\/\/heubeck-architecture.de\/wp-content\/uploads\/2014\/02\/BSBK-03-460x305px-300x198.jpg 300w\" sizes=\"(max-width: 460px) 100vw, 460px\" \/><img loading=\"lazy\" class=\"size-full wp-image-652\" style=\"margin-right: 0;\" alt=\"BSBK-04--460x305px\" src=\"https:\/\/heubeck-architecture.de\/wp-content\/uploads\/2014\/02\/BSBK-04-460x305px.jpg\" width=\"460\" height=\"305\" srcset=\"https:\/\/heubeck-architecture.de\/wp-content\/uploads\/2014\/02\/BSBK-04-460x305px.jpg 460w, https:\/\/heubeck-architecture.de\/wp-content\/uploads\/2014\/02\/BSBK-04-460x305px-300x198.jpg 300w\" sizes=\"(max-width: 460px) 100vw, 460px\" \/><br \/><br \/>\r\n\r\n<div class=\"linkeSpalte\">FALLBEISPIEL BALKONABDICHTUNG<br>\r\nBelags\u00fcberflutung, gro\u00dffl\u00e4chige Wanddurchfeuchtung.<br>Ursache: Fehlerhafte Balkonabdichtung.<br>\r\n<\/div>\r\n<hr \/>\r\n\r\n\r\n<p style=\"text-align: center;\"><img loading=\"lazy\" class=\"size-full wp-image-653\" alt=\"BSBK-05--460x305px\" src=\"https:\/\/heubeck-architecture.de\/wp-content\/uploads\/2014\/02\/BSBK-05-460x305px.jpg\" width=\"460\" height=\"305\" srcset=\"https:\/\/heubeck-architecture.de\/wp-content\/uploads\/2014\/02\/BSBK-05-460x305px.jpg 460w, https:\/\/heubeck-architecture.de\/wp-content\/uploads\/2014\/02\/BSBK-05-460x305px-300x198.jpg 300w\" sizes=\"(max-width: 460px) 100vw, 460px\" \/><img loading=\"lazy\" class=\"size-full wp-image-654\" style=\"margin-right: 0;\" alt=\"BSBK-06--460x305px\" src=\"https:\/\/heubeck-architecture.de\/wp-content\/uploads\/2014\/02\/BSBK-06-460x305px.jpg\" width=\"460\" height=\"305\" srcset=\"https:\/\/heubeck-architecture.de\/wp-content\/uploads\/2014\/02\/BSBK-06-460x305px.jpg 460w, https:\/\/heubeck-architecture.de\/wp-content\/uploads\/2014\/02\/BSBK-06-460x305px-300x198.jpg 300w\" sizes=\"(max-width: 460px) 100vw, 460px\" \/><br \/><br \/>\r\n\r\n<div class=\"linkeSpalte\">FALLBEISPIEL BALKONBELAG<br>\r\nDurchfeuchtung Balkonplatte, Rissbildung im Belag Moos- und Algenbildung.<br>Ursache: Schadhafter Belag. Mangelnde Wartung \/ Unterhalt.<br>\r\n<\/div>\r\n<hr \/>\r\n\r\n<h3 style=\"text-align: center;\">\u00a0KONSTRUKTION<\/h3>\r\n<p style=\"text-align: center;\"><img loading=\"lazy\" class=\"size-full wp-image-655\" alt=\"BSBK-07--460x305px\" src=\"https:\/\/heubeck-architecture.de\/wp-content\/uploads\/2014\/02\/BSBK-07-460x305px.jpg\" width=\"460\" height=\"305\" srcset=\"https:\/\/heubeck-architecture.de\/wp-content\/uploads\/2014\/02\/BSBK-07-460x305px.jpg 460w, https:\/\/heubeck-architecture.de\/wp-content\/uploads\/2014\/02\/BSBK-07-460x305px-300x198.jpg 300w\" sizes=\"(max-width: 460px) 100vw, 460px\" \/><img loading=\"lazy\" class=\"size-full wp-image-656\" style=\"margin-right: 0;\" alt=\"BSBK-08--460x305px\" src=\"https:\/\/heubeck-architecture.de\/wp-content\/uploads\/2014\/02\/BSBK-08-460x305px.jpg\" width=\"460\" height=\"305\" srcset=\"https:\/\/heubeck-architecture.de\/wp-content\/uploads\/2014\/02\/BSBK-08-460x305px.jpg 460w, https:\/\/heubeck-architecture.de\/wp-content\/uploads\/2014\/02\/BSBK-08-460x305px-300x198.jpg 300w\" sizes=\"(max-width: 460px) 100vw, 460px\" \/><br \/><br \/>\r\n\r\n<div class=\"linkeSpalte\">FALLBEISPIEL BALKONPLATTE<br>\r\nBetonabplatzungen auf Balkonunterseite<br>Ursache: Bewehrungskorrosion (mangelhafte Beton\u00fcberdeckung, Durchfeuchtung).\u00a0Gef\u00e4hrdung Tragkonstruktion!<br>\r\n<\/div>\r\n<hr \/>\r\n\r\n\r\n<p style=\"text-align: center;\"><img loading=\"lazy\" class=\"size-full wp-image-657\" alt=\"BSBK-09--460x305px\" src=\"https:\/\/heubeck-architecture.de\/wp-content\/uploads\/2014\/02\/BSBK-09-460x305px.jpg\" width=\"460\" height=\"305\" srcset=\"https:\/\/heubeck-architecture.de\/wp-content\/uploads\/2014\/02\/BSBK-09-460x305px.jpg 460w, https:\/\/heubeck-architecture.de\/wp-content\/uploads\/2014\/02\/BSBK-09-460x305px-300x198.jpg 300w\" sizes=\"(max-width: 460px) 100vw, 460px\" \/><img loading=\"lazy\" class=\"size-full wp-image-658\" style=\"margin-right: 0;\" alt=\"BSBK10--460x305px\" src=\"https:\/\/heubeck-architecture.de\/wp-content\/uploads\/2014\/02\/BSBK10-460x305px.jpg\" width=\"460\" height=\"305\" srcset=\"https:\/\/heubeck-architecture.de\/wp-content\/uploads\/2014\/02\/BSBK10-460x305px.jpg 460w, https:\/\/heubeck-architecture.de\/wp-content\/uploads\/2014\/02\/BSBK10-460x305px-300x198.jpg 300w\" sizes=\"(max-width: 460px) 100vw, 460px\" \/><br \/><br \/>\r\n\r\n<div class=\"linkeSpalte\">FALLBEISPIEL BALKONGEL\u00c4NDER<br>\r\nRissbildung im Belag an Gel\u00e4nderpfosten, Folgesch\u00e4den in der Betonplattenkonstruktion &#8211; Gef\u00e4hrdung Tragkonstruktion!<br>\r\n<\/div>\r\n<hr \/>\t<\/div>\n\n<\/div>\n<!-- \/\/ Post Wrap End -->\n","protected":false},"excerpt":{"rendered":"<p>&nbsp; SCH\u00c4DEN AN BALKONEN \u00a0<\/p>\n","protected":false},"author":1,"featured_media":0,"parent":0,"menu_order":0,"comment_status":"open","ping_status":"open","template":"","meta":[],"_links":{"self":[{"href":"https:\/\/heubeck-architecture.de\/index.php?rest_route=\/wp\/v2\/pages\/660"}],"collection":[{"href":"https:\/\/heubeck-architecture.de\/index.php?rest_route=\/wp\/v2\/pages"}],"about":[{"href":"https:\/\/heubeck-architecture.de\/index.php?rest_route=\/wp\/v2\/types\/page"}],"author":[{"embeddable":true,"href":"https:\/\/heubeck-architecture.de\/index.php?rest_route=\/wp\/v2\/users\/1"}],"replies":[{"embeddable":true,"href":"https:\/\/heubeck-architecture.de\/index.php?rest_route=%2Fwp%2Fv2%2Fcomments&post=660"}],"version-history":[{"count":7,"href":"https:\/\/heubeck-architecture.de\/index.php?rest_route=\/wp\/v2\/pages\/660\/revisions"}],"predecessor-version":[{"id":1070,"href":"https:\/\/heubeck-architecture.de\/index.php?rest_route=\/wp\/v2\/pages\/660\/revisions\/1070"}],"wp:attachment":[{"href":"https:\/\/heubeck-architecture.de\/index.php?rest_route=%2Fwp%2Fv2%2Fmedia&parent=660"}],"curies":[{"name":"wp","href":"https:\/\/api.w.org\/{rel}","templated":true}]}}