{"id":824,"date":"2014-02-15T10:23:19","date_gmt":"2014-02-15T10:23:19","guid":{"rendered":"https:\/\/heubeck-architecture.de\/?page_id=824"},"modified":"2018-10-15T14:58:11","modified_gmt":"2018-10-15T12:58:11","slug":"denkmalschutz","status":"publish","type":"page","link":"https:\/\/heubeck-architecture.de\/?page_id=824","title":{"rendered":"Denkmalschutz"},"content":{"rendered":"\n<!-- NOTE: If you need to make changes to this file, copy it to your current theme's main\n\tdirectory so your changes won't be overwritten when the plugin is upgraded. -->\n\n<!-- Post Wrap Start-->\n<div class=\"post hentry ivycat-post\">\n\t\n\t<!-- \tThis outputs the post EXCERPT.  To display full content including images and html, \n\t\treplace the_excerpt(); with the_content();  below. -->\n\t<div class=\"entry-summary\">\n\t\t<h3 style=\"text-align: center;\">HERZLICH WILLKOMMEN BEI HEUBECK ARCHITECTURE<\/h3>\r\n<p style=\"text-align: center;\"><span style=\"font-family: light; font-size: 14pt;\">FREIER ARCHITEKT \/ SACHVERST\u00c4NDIGER F\u00dcR SCH\u00c4DEN AN GEB\u00c4UDEN<\/span><\/p>\t<\/div>\n\n<\/div>\n<!-- \/\/ Post Wrap End -->\n\r\n\r\n\n<!-- NOTE: If you need to make changes to this file, copy it to your current theme's main\n\tdirectory so your changes won't be overwritten when the plugin is upgraded. -->\n\n<!-- Post Wrap Start-->\n<div class=\"post hentry ivycat-post\">\n\t\n\t<!-- \tThis outputs the post EXCERPT.  To display full content including images and html, \n\t\treplace the_excerpt(); with the_content();  below. -->\n\t<div class=\"entry-summary\">\n\t\t<div id=\"mainwrapper\">\r\n<div id=\"box-1\" class=\"box\"><a href=\"?page_id=417\"><img loading=\"lazy\" class=\"alignleft size-thumbnail wp-image-1371\" src=\"\/wp-content\/uploads\/2018\/10\/IMG_1954-Icon-Front-2-Kopie-2-150x150.jpg\" alt=\"01\" width=\"100%\" height=\"100%\" srcset=\"https:\/\/heubeck-architecture.de\/wp-content\/uploads\/2018\/10\/IMG_1954-Icon-Front-2-Kopie-2-150x150.jpg 150w, https:\/\/heubeck-architecture.de\/wp-content\/uploads\/2018\/10\/IMG_1954-Icon-Front-2-Kopie-2-300x300.jpg 300w, https:\/\/heubeck-architecture.de\/wp-content\/uploads\/2018\/10\/IMG_1954-Icon-Front-2-Kopie-2-768x768.jpg 768w, https:\/\/heubeck-architecture.de\/wp-content\/uploads\/2018\/10\/IMG_1954-Icon-Front-2-Kopie-2-1024x1024.jpg 1024w, https:\/\/heubeck-architecture.de\/wp-content\/uploads\/2018\/10\/IMG_1954-Icon-Front-2-Kopie-2-600x600.jpg 600w, https:\/\/heubeck-architecture.de\/wp-content\/uploads\/2018\/10\/IMG_1954-Icon-Front-2-Kopie-2-940x940.jpg 940w\" sizes=\"(max-width: 150px) 100vw, 150px\" \/>\r\n<span class=\"caption simple-caption\"><p>GEB\u00c4UDEPLANUNG<\/p><\/span>\r\n<\/a>\r\n<\/div>\r\n\r\n<div id=\"box-1\" class=\"box\"><a href=\"?page_id=696\"><img loading=\"lazy\" class=\"alignleft size-thumbnail wp-image-66\" src=\"\/wp-content\/uploads\/2014\/03\/thumbnails\/SA01.jpg\" alt=\"02\" width=\"100%\" height=\"100%\" \/>\r\n<span class=\"caption simple-caption\"><p>SCH\u00c4DEN <br>AN GEB\u00c4UDEN<\/p><\/span>\r\n<\/a>\r\n<\/div>\r\n\r\n<div id=\"box-1\" class=\"box\"><a href=\"?page_id=826\"><img loading=\"lazy\" class=\"alignleft size-thumbnail wp-image-68\" src=\"\/wp-content\/uploads\/2014\/03\/thumbnails\/EB01.jpg\" alt=\"03\" width=\"100%\" height=\"100%\" \/>\r\n<span class=\"caption simple-caption\"><p>ENERGETISCHE GEB\u00c4UDESANIERUNG<\/p><\/span>\r\n<\/a>\r\n<\/div>\r\n\r\n<div id=\"box-1\" class=\"box\"><a href=\"?page_id=824\"><img loading=\"lazy\" class=\"alignleft size-thumbnail wp-image-70\" src=\"\/wp-content\/uploads\/2014\/03\/thumbnails\/DS01.jpg\" alt=\"04\" width=\"100%\" height=\"100%\" \/>\r\n<span class=\"caption simple-caption\"><p>DENKMALSCHUTZ<\/p><\/span>\r\n<\/a>\r\n<\/div>\r\n\r\n<\/div>\r\n&nbsp;\t<\/div>\n\n<\/div>\n<!-- \/\/ Post Wrap End -->\n\r\n\r\n<hr \/>\r\n\r\n<h1 style=\"text-align: center;\">DENKMALSCHUTZ<\/h1>\r\n\n<!-- NOTE: If you need to make changes to this file, copy it to your current theme's main\n\tdirectory so your changes won't be overwritten when the plugin is upgraded. -->\n\n<!-- Post Wrap Start-->\n<div class=\"post hentry ivycat-post\">\n\t\n\t<!-- \tThis outputs the post EXCERPT.  To display full content including images and html, \n\t\treplace the_excerpt(); with the_content();  below. -->\n\t<div class=\"entry-summary\">\n\t\t<h3 style=\"text-align: center;\">GR\u00dcNDERZEITVILLA IN STUTTGART<\/h3>\r\n<p style=\"text-align: center;\"><img loading=\"lazy\" class=\"size-full wp-image-776\" style=\"margin-right: 0;\" alt=\"DK-01--940x625px\" src=\"https:\/\/heubeck-architecture.de\/wp-content\/uploads\/2014\/02\/DK-01-940x625px.jpg\" width=\"940\" height=\"625\" srcset=\"https:\/\/heubeck-architecture.de\/wp-content\/uploads\/2014\/02\/DK-01-940x625px.jpg 940w, https:\/\/heubeck-architecture.de\/wp-content\/uploads\/2014\/02\/DK-01-940x625px-300x199.jpg 300w, https:\/\/heubeck-architecture.de\/wp-content\/uploads\/2014\/02\/DK-01-940x625px-600x398.jpg 600w\" sizes=\"(max-width: 940px) 100vw, 940px\" \/><br \/><br \/>\r\n\r\n<div class=\"linkeSpalte\">FASSADENSANIERUNG<br>\r\nDenkmalgesch\u00fctztes MFH in Stuttgart. Sanierung der Naturstein- Putzfassade in Abstimmung mit der Denkmalbeh\u00f6rde. Erg\u00e4nzung\/ Teilerneuerung der Baluster, Tympana, Bossenmauerwerk, Dachfries<br \/>Erneuerung der Zierkonsolen. Balkonsanierung Holzwerk<br>\r\n<\/div>\r\n<div class=\"rechteSpalte\">Leistungsbild: Gesamtplanung, Projekt\u00fcberwachung<br>\r\nAuftraggeber: HV Stegmaier GmbH<\/div>\r\n<hr \/>\r\n\r\n<p style=\"text-align: center;\">\u00a0<\/p>\r\n<h3 id=\"denkmalgeschuetztes\" style=\"text-align: center;\"><span style=\"font-size: 1.17em; line-height: 1.5em;\">Denkmalgesch\u00fctztes<\/span><\/h3>\r\n<h3 style=\"text-align: center;\">\u00a0<\/h3>\r\n<h3 style=\"text-align: center;\"><img loading=\"lazy\" class=\"size-full wp-image-777\" alt=\"DK-02--460x305px\" src=\"https:\/\/heubeck-architecture.de\/wp-content\/uploads\/2014\/02\/DK-02-460x305px.jpg\" width=\"460\" height=\"305\" srcset=\"https:\/\/heubeck-architecture.de\/wp-content\/uploads\/2014\/02\/DK-02-460x305px.jpg 460w, https:\/\/heubeck-architecture.de\/wp-content\/uploads\/2014\/02\/DK-02-460x305px-300x198.jpg 300w\" sizes=\"(max-width: 460px) 100vw, 460px\" \/><img loading=\"lazy\" class=\"size-full wp-image-778\" alt=\"DK-03--220x305px\" src=\"https:\/\/heubeck-architecture.de\/wp-content\/uploads\/2014\/02\/DK-03-220x305px.jpg\" width=\"220\" height=\"305\" srcset=\"https:\/\/heubeck-architecture.de\/wp-content\/uploads\/2014\/02\/DK-03-220x305px.jpg 220w, https:\/\/heubeck-architecture.de\/wp-content\/uploads\/2014\/02\/DK-03-220x305px-216x300.jpg 216w\" sizes=\"(max-width: 220px) 100vw, 220px\" \/><img loading=\"lazy\" class=\"size-full wp-image-779\" style=\"margin-right: 0;\" alt=\"DK-04--220x305px\" src=\"https:\/\/heubeck-architecture.de\/wp-content\/uploads\/2014\/02\/DK-04-220x305px.jpg\" width=\"220\" height=\"305\" srcset=\"https:\/\/heubeck-architecture.de\/wp-content\/uploads\/2014\/02\/DK-04-220x305px.jpg 220w, https:\/\/heubeck-architecture.de\/wp-content\/uploads\/2014\/02\/DK-04-220x305px-216x300.jpg 216w\" sizes=\"(max-width: 220px) 100vw, 220px\" \/><img loading=\"lazy\" class=\"size-full wp-image-780\" alt=\"DK-05--460x625px\" src=\"https:\/\/heubeck-architecture.de\/wp-content\/uploads\/2014\/02\/DK-05-460x625px.jpg\" width=\"460\" height=\"625\" srcset=\"https:\/\/heubeck-architecture.de\/wp-content\/uploads\/2014\/02\/DK-05-460x625px.jpg 460w, https:\/\/heubeck-architecture.de\/wp-content\/uploads\/2014\/02\/DK-05-460x625px-220x300.jpg 220w\" sizes=\"(max-width: 460px) 100vw, 460px\" \/><img loading=\"lazy\" class=\"size-full wp-image-781\" style=\"margin-right: 0;\" alt=\"DK-06--460x625px\" src=\"https:\/\/heubeck-architecture.de\/wp-content\/uploads\/2014\/02\/DK-06-460x625px.jpg\" width=\"460\" height=\"625\" srcset=\"https:\/\/heubeck-architecture.de\/wp-content\/uploads\/2014\/02\/DK-06-460x625px.jpg 460w, https:\/\/heubeck-architecture.de\/wp-content\/uploads\/2014\/02\/DK-06-460x625px-220x300.jpg 220w\" sizes=\"(max-width: 460px) 100vw, 460px\" \/><img loading=\"lazy\" class=\"size-full wp-image-782\" alt=\"DK-07--460x305px\" src=\"https:\/\/heubeck-architecture.de\/wp-content\/uploads\/2014\/02\/DK-07-460x305px.jpg\" width=\"460\" height=\"305\" srcset=\"https:\/\/heubeck-architecture.de\/wp-content\/uploads\/2014\/02\/DK-07-460x305px.jpg 460w, https:\/\/heubeck-architecture.de\/wp-content\/uploads\/2014\/02\/DK-07-460x305px-300x198.jpg 300w\" sizes=\"(max-width: 460px) 100vw, 460px\" \/><img loading=\"lazy\" class=\"size-full wp-image-783\" style=\"margin-right: 0;\" alt=\"DK-08--460x305px\" src=\"https:\/\/heubeck-architecture.de\/wp-content\/uploads\/2014\/02\/DK-08-460x305px.jpg\" width=\"460\" height=\"305\" srcset=\"https:\/\/heubeck-architecture.de\/wp-content\/uploads\/2014\/02\/DK-08-460x305px.jpg 460w, https:\/\/heubeck-architecture.de\/wp-content\/uploads\/2014\/02\/DK-08-460x305px-300x198.jpg 300w\" sizes=\"(max-width: 460px) 100vw, 460px\" \/><img loading=\"lazy\" class=\"size-full wp-image-784\" alt=\"DK-09--460x625px\" src=\"https:\/\/heubeck-architecture.de\/wp-content\/uploads\/2014\/02\/DK-09-460x625px.jpg\" width=\"460\" height=\"625\" srcset=\"https:\/\/heubeck-architecture.de\/wp-content\/uploads\/2014\/02\/DK-09-460x625px.jpg 460w, https:\/\/heubeck-architecture.de\/wp-content\/uploads\/2014\/02\/DK-09-460x625px-220x300.jpg 220w\" sizes=\"(max-width: 460px) 100vw, 460px\" \/><img loading=\"lazy\" class=\"size-full wp-image-785\" style=\"margin-right: 0;\" alt=\"DK-10--460x625px\" src=\"https:\/\/heubeck-architecture.de\/wp-content\/uploads\/2014\/02\/DK-10-460x625px.jpg\" width=\"460\" height=\"625\" srcset=\"https:\/\/heubeck-architecture.de\/wp-content\/uploads\/2014\/02\/DK-10-460x625px.jpg 460w, https:\/\/heubeck-architecture.de\/wp-content\/uploads\/2014\/02\/DK-10-460x625px-220x300.jpg 220w\" sizes=\"(max-width: 460px) 100vw, 460px\" \/><img loading=\"lazy\" class=\"size-full wp-image-786\" alt=\"DK-11--940x625px\" src=\"https:\/\/heubeck-architecture.de\/wp-content\/uploads\/2014\/02\/DK-11-940x625px.jpg\" width=\"940\" height=\"625\" srcset=\"https:\/\/heubeck-architecture.de\/wp-content\/uploads\/2014\/02\/DK-11-940x625px.jpg 940w, https:\/\/heubeck-architecture.de\/wp-content\/uploads\/2014\/02\/DK-11-940x625px-300x199.jpg 300w, https:\/\/heubeck-architecture.de\/wp-content\/uploads\/2014\/02\/DK-11-940x625px-600x398.jpg 600w\" sizes=\"(max-width: 940px) 100vw, 940px\" \/><img loading=\"lazy\" class=\"size-full wp-image-787\" alt=\"DK-12--460x305px\" src=\"https:\/\/heubeck-architecture.de\/wp-content\/uploads\/2014\/02\/DK-12-460x305px.jpg\" width=\"460\" height=\"305\" srcset=\"https:\/\/heubeck-architecture.de\/wp-content\/uploads\/2014\/02\/DK-12-460x305px.jpg 460w, https:\/\/heubeck-architecture.de\/wp-content\/uploads\/2014\/02\/DK-12-460x305px-300x198.jpg 300w\" sizes=\"(max-width: 460px) 100vw, 460px\" \/><img loading=\"lazy\" class=\"size-full wp-image-788\" style=\"margin-right: 0;\" alt=\"DK-13--460x305px\" src=\"https:\/\/heubeck-architecture.de\/wp-content\/uploads\/2014\/02\/DK-13-460x305px.jpg\" width=\"460\" height=\"305\" srcset=\"https:\/\/heubeck-architecture.de\/wp-content\/uploads\/2014\/02\/DK-13-460x305px.jpg 460w, https:\/\/heubeck-architecture.de\/wp-content\/uploads\/2014\/02\/DK-13-460x305px-300x198.jpg 300w\" sizes=\"(max-width: 460px) 100vw, 460px\" \/><\/h3>\r\n<h3 style=\"text-align: center;\">\u00a0<\/h3>\r\n\r\n<h3 id=\"gruenderzeit\" style=\"text-align: center;\">\u00a0<br \/>GR\u00dcNDERZEITMEHRFAMILIENHAUS IN STUTTGART<\/h3>\r\n<p style=\"text-align: center;\"><img loading=\"lazy\" class=\"size-full wp-image-790\" style=\"margin-right: 0;\" alt=\"DK-14--940x625px\" src=\"https:\/\/heubeck-architecture.de\/wp-content\/uploads\/2014\/02\/DK-14-940x625px.jpg\" width=\"940\" height=\"625\" srcset=\"https:\/\/heubeck-architecture.de\/wp-content\/uploads\/2014\/02\/DK-14-940x625px.jpg 940w, https:\/\/heubeck-architecture.de\/wp-content\/uploads\/2014\/02\/DK-14-940x625px-300x199.jpg 300w, https:\/\/heubeck-architecture.de\/wp-content\/uploads\/2014\/02\/DK-14-940x625px-600x398.jpg 600w\" sizes=\"(max-width: 940px) 100vw, 940px\" \/><br \/><br \/>\r\n\r\n<div class=\"linkeSpalte\">DACHSANIERUNG<br>\r\nDenkmalgesch\u00fctztes MFH in Stuttgart-S\u00fcd. Sanierung der Turm- und Erkerkonstruktion in Abstimmung mit der Denkmalbeh\u00f6rde. W\u00e4rmed\u00e4mmung der Dachschr\u00e4gen und oberen Geschossdecke in Anlehnung an EnEV. Nutzungs\u00e4nderung Umbau Laden In Wohnung. Integration der historischen Schaufenster<br>\r\n<\/div>\r\n<div class=\"rechteSpalte\">Leistungsbild: Gesamtplanung, Projekt\u00fcberwachung<br>\r\nAuftraggeber: Greiner HV GmbH<\/div>\r\n<hr \/>\r\n\r\n<p style=\"text-align: center;\">\u00a0<\/p>\r\n<h3 style=\"text-align: center;\"><img loading=\"lazy\" class=\"size-full wp-image-791\" alt=\"DK-15--460x625px\" src=\"https:\/\/heubeck-architecture.de\/wp-content\/uploads\/2014\/02\/DK-15-460x625px.jpg\" width=\"460\" height=\"625\" srcset=\"https:\/\/heubeck-architecture.de\/wp-content\/uploads\/2014\/02\/DK-15-460x625px.jpg 460w, https:\/\/heubeck-architecture.de\/wp-content\/uploads\/2014\/02\/DK-15-460x625px-220x300.jpg 220w\" sizes=\"(max-width: 460px) 100vw, 460px\" \/><img loading=\"lazy\" class=\"size-full wp-image-792\" style=\"margin-right: 0;\" alt=\"DK-16--460x625px\" src=\"https:\/\/heubeck-architecture.de\/wp-content\/uploads\/2014\/02\/DK-16-460x625px.jpg\" width=\"460\" height=\"625\" srcset=\"https:\/\/heubeck-architecture.de\/wp-content\/uploads\/2014\/02\/DK-16-460x625px.jpg 460w, https:\/\/heubeck-architecture.de\/wp-content\/uploads\/2014\/02\/DK-16-460x625px-220x300.jpg 220w\" sizes=\"(max-width: 460px) 100vw, 460px\" \/><img loading=\"lazy\" class=\"size-full wp-image-793\" alt=\"DK-17--460x305px\" src=\"https:\/\/heubeck-architecture.de\/wp-content\/uploads\/2014\/02\/DK-17-460x305px.jpg\" width=\"460\" height=\"305\" srcset=\"https:\/\/heubeck-architecture.de\/wp-content\/uploads\/2014\/02\/DK-17-460x305px.jpg 460w, https:\/\/heubeck-architecture.de\/wp-content\/uploads\/2014\/02\/DK-17-460x305px-300x198.jpg 300w\" sizes=\"(max-width: 460px) 100vw, 460px\" \/><img loading=\"lazy\" class=\"size-full wp-image-794\" style=\"margin-right: 0;\" alt=\"DK-18--460x305px\" src=\"https:\/\/heubeck-architecture.de\/wp-content\/uploads\/2014\/02\/DK-18-460x305px.jpg\" width=\"460\" height=\"305\" srcset=\"https:\/\/heubeck-architecture.de\/wp-content\/uploads\/2014\/02\/DK-18-460x305px.jpg 460w, https:\/\/heubeck-architecture.de\/wp-content\/uploads\/2014\/02\/DK-18-460x305px-300x198.jpg 300w\" sizes=\"(max-width: 460px) 100vw, 460px\" \/><\/h3>\t<\/div>\n\n<\/div>\n<!-- \/\/ Post Wrap End -->\n","protected":false},"excerpt":{"rendered":"<p>DENKMALSCHUTZ<\/p>\n","protected":false},"author":1,"featured_media":0,"parent":0,"menu_order":0,"comment_status":"open","ping_status":"open","template":"","meta":[],"_links":{"self":[{"href":"https:\/\/heubeck-architecture.de\/index.php?rest_route=\/wp\/v2\/pages\/824"}],"collection":[{"href":"https:\/\/heubeck-architecture.de\/index.php?rest_route=\/wp\/v2\/pages"}],"about":[{"href":"https:\/\/heubeck-architecture.de\/index.php?rest_route=\/wp\/v2\/types\/page"}],"author":[{"embeddable":true,"href":"https:\/\/heubeck-architecture.de\/index.php?rest_route=\/wp\/v2\/users\/1"}],"replies":[{"embeddable":true,"href":"https:\/\/heubeck-architecture.de\/index.php?rest_route=%2Fwp%2Fv2%2Fcomments&post=824"}],"version-history":[{"count":9,"href":"https:\/\/heubeck-architecture.de\/index.php?rest_route=\/wp\/v2\/pages\/824\/revisions"}],"predecessor-version":[{"id":1337,"href":"https:\/\/heubeck-architecture.de\/index.php?rest_route=\/wp\/v2\/pages\/824\/revisions\/1337"}],"wp:attachment":[{"href":"https:\/\/heubeck-architecture.de\/index.php?rest_route=%2Fwp%2Fv2%2Fmedia&parent=824"}],"curies":[{"name":"wp","href":"https:\/\/api.w.org\/{rel}","templated":true}]}}